{"id":285,"date":"2020-04-22T11:19:57","date_gmt":"2020-04-22T11:19:57","guid":{"rendered":"http:\/\/hu2.me.gatech.edu\/Ko\/?page_id=285"},"modified":"2020-11-19T18:36:42","modified_gmt":"2020-11-19T18:36:42","slug":"media-coverages","status":"publish","type":"page","link":"https:\/\/hu2.me.gatech.edu\/Ko\/media-coverages\/","title":{"rendered":"Media Coverages"},"content":{"rendered":"\n<p>My research have drawn interests from the media folks from all over the world! <\/p>\n\n\n\n<figure class=\"wp-block-table\"><table><tbody><tr><td><strong>Physics of tossing wok<\/strong><\/td><\/tr><tr><td><em>Article:<\/em><\/td><\/tr><tr><td>Oct. 28, 2020. <strong>CNN<\/strong> \u201cThe science behind \u2018the breath of a wok,\u2019 an essential ingredient in the perfect bowl of fried rice\u201d Maggie Hiufu Wong(<a href=\"https:\/\/www.cnn.com\/travel\/article\/wok-hei-perfect-fried-rice-hong-kong\/index.html\">link<\/a>)<\/td><\/tr><tr><td>Feb. 28, 2020. <strong>Sputnik News <\/strong>\u201cArroz frito: c\u00f3mo prepararlo a la perfecci\u00f3n seg\u00fan la ciencia\u201d (<a href=\"https:\/\/mundo.sputniknews.com\/sociedad\/202002281090630882-arroz-frito-como-prepararlo-a-la-perfeccion-segun-la-ciencia\/\">link<\/a>)<\/td><\/tr><tr><td>Feb. 26, 2020. <strong>de Volkskrant<\/strong>, Netherland newspaper \u201cZo werkt de natuurkunde van rijst bakken in een wok\u201d George van Hal &amp; Maarten Keulemans (<a href=\"https:\/\/www.volkskrant.nl\/wetenschap\/huh-astronomen-ontdekken-nieuwe-maan-van-de-aarde~b602758b\/?referer=https%3A%2F%2Froyalsociety.altmetric.com%2Fdetails%2F75896683%2Fnews\">link<\/a>)<\/td><\/tr><tr><td>Feb. 25, 2020. <strong>CafeBiz, Vietnam<\/strong> \u201cC\u00e1c nh\u00e0 khoa h\u1ecdc v\u1eeba ch\u1ec9 ra c\u00e1ch l\u1eafc ch\u1ea3o \u0111\u1ec3 rang c\u01a1m ngon nh\u1ea5t c\u00f3 th\u1ec3\u201d (<a href=\"https:\/\/cafebiz.vn\/cac-nha-khoa-hoc-vua-chi-ra-cach-lac-chao-de-rang-com-ngon-nhat-co-the-20200225171723766.chn\">link<\/a>)<\/td><\/tr><tr><td>Feb. 25, 2020. <strong>Gigazine, Japan<\/strong> \u201c\u30c1\u30e3\u30fc\u30cf\u30f3\u3092\u7092\u3081\u308b\u6642\u306e\u300c\u5b8c\u74a7\u306a\u4e2d\u83ef\u934b\u306e\u632f\u308a\u65b9\u300d\u3092\u672c\u6c17\u3067\u7814\u7a76\u3057\u305f\u7269\u7406\u5b66\u8005\u304c\u767b\u5834\u201d (<a href=\"https:\/\/gigazine.net\/news\/20200225-physicists-wok-tossed-fried-rice\/\">link<\/a>)<\/td><\/tr><tr><td>Feb. 23, 2020. <strong>Replicario, Brazil<\/strong> \u201cF\u00edsicos da Georgia Tech desvendam o segredo para aperfei\u00e7oar o arroz frito\u201d (<a href=\"https:\/\/replicario.com.br\/fisicos-da-georgia-tech-desvendam-o-segredo-para-aperfeicoar-o-arroz-frito\/\">link<\/a>)<\/td><\/tr><tr><td>Feb. 23, 2020. <strong>arsTECHNICA<\/strong> \u201cGeorgia Tech physicists unlock the secret to perfect wok-tossed fried rice\u201d Jennifer Ouellette (<a href=\"https:\/\/arstechnica.com\/science\/2020\/02\/georgia-tech-physicists-unlock-the-secret-to-perfect-wok-tossed-fried-rice\/\">link<\/a>) &nbsp;<\/td><\/tr><tr><td>Feb. 19, 2020. <strong>DQ, Taiwan <\/strong>\u201c\u9019\u4e00\u6b21\uff0c\u641e\u7b11\u8afe\u8c9d\u723e\u734e\u5f97\u4e3b\u89e3\u958b\u300c\u9ec3\u91d1\u7092\u98ef\u300d\u7684\u79d8\u5bc6\u201d \u5fbd\u5fbd (<a href=\"https:\/\/dq.yam.com\/post.php?id=12168&amp;fbclid=IwAR1puuI-_nMLQBLXhdTcOgmlGDvtEvGKWkIsVOXoWUboCeboT4TT-V02kj4\">link<\/a>)<\/td><\/tr><tr><td>Feb. 17, 2020. <strong>Ifanr, China<\/strong> \u201c\u4e24\u5c4a\u641e\u7b11\u8bfa\u8d1d\u5c14\u5956\u5f97\u4e3b\uff0c\u8fd9\u6b21\u627e\u5230\u4e86\u300c\u9ec4\u91d1\u7092\u996d\u300d\u7684\u5965\u4e49\u201d (<a href=\"https:\/\/www.ifanr.com\/1309422?fbclid=IwAR1HcosV5pKw6DeaWd18V9SDlXfIenAPjK_mUnRg31anw2x0egSz7mgUAK8\">link<\/a>)<\/td><\/tr><tr><td>Feb. 14, 2020. <strong>ZME Science<\/strong> \u201cThe physics of fried rice\u201d Mihai Andrei (<a href=\"https:\/\/www.zmescience.com\/science\/the-physics-of-fried-rice\/\">link<\/a>)<\/td><\/tr><tr><td>Feb. 12, 2020. <strong>GIZMODO, UK<\/strong> \u201cHere&#8217;s the Best Way to Make Fried Rice, According to Hungry Engineers\u201d Ryan F. Mandelbaum (<a href=\"https:\/\/www.gizmodo.co.uk\/2020\/02\/heres-the-best-way-to-make-fried-rice-according-to-hungry-engineers\/\">link<\/a>)<\/td><\/tr><tr><td>Feb. 12, 2020. <strong>Popular Mechanics<\/strong> \u201cUse Math and Physics to Flip the Best Fried Rice\u201d Caroline Delbert (<a href=\"https:\/\/www.popularmechanics.com\/science\/a30896618\/physics-fried-rice\/\">link<\/a>)<\/td><\/tr><tr><td>Feb. 11, 2020. <strong>Science News<\/strong> \u201cHow to make the best fried rice, according to physics\u201d Emily Conover (<a href=\"https:\/\/www.sciencenews.org\/article\/how-make-best-fried-rice-according-physics-video?fbclid=IwAR2_Qn_lHhna6mi39X75T6RF5BuHocNBQxCfXFX0hpcxsx7jOKgERFC0kSM\">link<\/a>)<\/td><\/tr><tr><td>Nov. 23, 2018. <strong>Lite News Hong Kong<\/strong> &#8220;\u5b8c\u7f8e\u7092\u98ef\u4e0d\u7c21\u55ae\uff1f\u7f8e\u7814\u7a76\uff1a\u6bcf0.32\u79d2\u8981\u79d2\u62cb\u4e00\u6b21\u944a&#8221; \u9673\u97fb\u8a69 (<a href=\"https:\/\/litenewshk.blogspot.com\/2018\/11\/032.html\">link<\/a>)<\/td><\/tr><tr><td>Nov. 22, 2018. <strong>ETtoday<\/strong>, Taiwan \u201c\u300c\u5b8c\u7f8e\u7092\u98ef\u300d\u9700\u8981\u5f88\u5927\u529b\u6c23\uff01\u3000\u7f8e\u4f86\u53f0\u7814\u7a76\uff1a\u6bcf0.32\u79d2\u5c31\u8981\u75291\u6b21\u201d (<a href=\"https:\/\/www.ettoday.net\/news\/20181122\/1313207.htm\">link<\/a>)<\/td><\/tr><tr><td>Nov. 22, 2018. <strong>India Times<\/strong> \u201cHow To Cook The Perfect Fried Rice Every Single Time, According To Scientific Research\u201d Gwyn D&#8217;Mello (<a href=\"https:\/\/www.indiatimes.com\/technology\/science-and-future\/how-to-cook-the-perfect-fried-rice-every-single-time-according-to-scientific-research-357191.html\">link<\/a>)<\/td><\/tr><tr><td>Nov. 21, 2018. <strong>ZM<\/strong><strong>E<\/strong><strong> science<\/strong> &#8220;Delicious chemistry: the science behind wok tossing&#8221; Mihai Andrei (<a href=\"https:\/\/www.zmescience.com\/science\/news-science\/science-wok-tossing-21112018\/\">link<\/a>)<\/td><\/tr><tr><td>Nov. 20, 2018. <strong>Cosmos Magazine<\/strong> &#8220;The physics of fried rice&#8221; Natalie Parletta (<a href=\"https:\/\/cosmosmagazine.com\/physics\/the-physics-of-fried-rice\">link<\/a>)<\/td><\/tr><tr><td>Nov. 20, 2018. <strong>Atlas Obscura<\/strong> &#8220;Breaking down the physics of wok tossing&#8221; Anna Kusmer (<a href=\"https:\/\/www.atlasobscura.com\/articles\/breaking-down-the-physics-of-wok-tossing\">link<\/a>)<\/td><\/tr><tr><td>Nov. 20, 2018. <strong>Geek.com<\/strong> &#8220;How to cook perfectly fried rice, according to scientists&#8221; Genevieve Scarano (<a href=\"https:\/\/www.geek.com\/news\/how-to-cook-perfectly-fried-rice-according-to-scientists-1761938\/?source\">link<\/a>)<\/td><\/tr><tr><td>Nov. 20, 2018. <strong>Modgab<\/strong> &#8220;The physics of fried rice&#8221; Fusberta Charest<\/td><\/tr><tr><td>Nov. 20, 2018. <strong>MSN<\/strong> &#8220;Perfect stir-fried rice recipe is all a matter of maths, say scientists&#8221; Jane Clinton (<a href=\"https:\/\/inews.co.uk\/inews-lifestyle\/food-and-drink\/perfect-stir-fried-rice-recipe-maths-209597\">link<\/a>)<\/td><\/tr><tr><td>Nov. 19, 2018. <strong>Dailymail<\/strong> &#8220;You&#8217;ve been cooking fried rice wrong! Flip It out of the wok like pancakes every .32 seconds for the best flavour, say scientists&#8221; Victoria Allen<\/td><\/tr><tr><td>Nov. 19, 2018. <strong>Phys.org<\/strong> &#8220;The subtle science of wok tossing&#8221; Steve Nadis (<a href=\"https:\/\/phys.org\/news\/2018-11-subtle-science-wok-tossing.html\">link<\/a>)<\/td><\/tr><tr><td>Nov. 19, 2018. <strong>Earth.com<\/strong> &#8220;The science behind cooking perfectly fried rice&#8221; Kay Vandette (<a href=\"https:\/\/www.earth.com\/news\/cooking-perfectly-fried-rice\/\">link<\/a>)<\/td><\/tr><tr><td>&nbsp;<\/td><\/tr><tr><td><em>Radio:<\/em><\/td><\/tr><tr><td>Coming soon, <strong>Utah Public Radio, UnDiscipline<\/strong><\/td><\/tr><tr><td>Mar. 16, 2020. <strong>PRX Number in the news<\/strong> \u201c.3: The secret ingredient to perfect fried rice? Physics.\u201d Bianca Hillier (<a href=\"https:\/\/beta.prx.org\/stories\/310874?fbclid=IwAR1HcosV5pKw6DeaWd18V9SDlXfIenAPjK_mUnRg31anw2x0egSz7mgUAK8\">link<\/a>)<\/td><\/tr><tr><td>Mar. 3, 2020. <strong>630 KHOW, iHeart Radio <\/strong>\u201cHungTang Ko (GA Tech PhD candidate) on the science of the best fried rice\u201d Ross Kaminsky (<a href=\"https:\/\/khow.iheart.com\/featured\/ross-kaminsky\/content\/2020-03-03-hungtang-ko-ga-tech-phd-candidate-on-the-science-of-the-best-fried-rice\/?fbclid=IwAR2IFPuzOVL3ewQ0yE6G2CegAv7-EYA4vLKqW7PrEFy8apM9McZD-qrE2kY#.Xl7_vorR9f0.facebook\">link<\/a>)<\/td><\/tr><tr><td>Feb. 28, 2020. <strong>Sveriges Radio, Sweden<\/strong> \u201cForskare har studerat wokning \u2013 ger hopp f\u00f6r kockars axlar\u201d (<a href=\"https:\/\/sverigesradio.se\/sida\/artikel.aspx?programid=406&amp;artikel=7416533\">link<\/a>)<\/td><\/tr><tr><td>Feb. 25, 2020. <strong>PRI The World<\/strong> \u201cThe secret ingredient to perfect fried rice is physical\u201d Marco Werman (<a href=\"https:\/\/www.pri.org\/file\/2020-02-25\/secret-ingredient-perfect-fried-rice-physical?fbclid=IwAR2XuyLhc6zA8DuFmTZRGClbb52VcK4zo9toUX0LYquYPxRk1B5pmiLGmXU\">link<\/a>)<\/td><\/tr><tr><td>Feb. 13, 2020. <strong>3AW Breakfast, Australia <\/strong>Ross Stevenson &amp; John Burns (<a href=\"https:\/\/omny.fm\/shows\/3aw-breakfast-with-ross-and-john\/ross-stevenson-john-burns-highlights-february-13th\">link<\/a>)<\/td><\/tr><tr><td>Feb. 12, 2020. <strong>Deutschlandfunk, Germany<\/strong> \u201cDie Physik des Reisbratens\u201d Frank Grotel\u00fcschen (<a href=\"https:\/\/www.deutschlandfunk.de\/wok-kueche-die-physik-des-reisbratens.676.de.html?dram:article_id=470106\">link<\/a>)<\/td><\/tr><tr><td>June 11, 2019. <strong>ABC Radio Tasmania, Australia <\/strong>Jane Longhurst<\/td><\/tr><tr><td><em>&nbsp;<\/em><\/td><\/tr><tr><td><em>TV:<\/em><\/td><\/tr><tr><td>Dec. 20, 2018.<strong>CGTN<\/strong> <strong>America<\/strong> \u201cHungtang Ko discusses his research on wok tossing\u201d Mike Walter (<a href=\"https:\/\/www.youtube.com\/watch?v=BhfWDzDJfPI\">link<\/a>)<\/td><\/tr><tr><td><strong>Spinning fire ant raft<\/strong><\/td><\/tr><tr><td><em>Article:<\/em><\/td><\/tr><tr><td>Dec. 8, 2019. <strong>arsTECHNICA <\/strong>\u201cThe physics behind how fire ants band together into robust floating rafts\u201d Jennifer Ouellette (<a href=\"https:\/\/arstechnica.com\/science\/2019\/12\/the-physics-behind-how-fire-ants-band-together-into-robust-floating-rafts\/\">link<\/a>)<\/td><\/tr><tr><td>Nov. 26, 2019. <strong>Phys.org <\/strong>\u201cFire ants\u2019 raft building skills react as fluid forces change\u201d American Physical Society (<a href=\"https:\/\/phys.org\/news\/2019-11-ants-raft-skills-react-fluid.html\">link<\/a>)<\/td><\/tr><tr><td>&nbsp;<\/td><\/tr><tr><td><strong>C. elegans and Microfluidic design<\/strong><\/td><\/tr><tr><td><em>Article<\/em><\/td><\/tr><tr><td>Jan. 3, 2017. <strong>Penn Today<\/strong> \u201cPenn Researchers Shed Light on the Roundworm\u2019s Curious Swimming Behavior\u201d Evan Lerner,&nbsp;Ali Sundermier (<a href=\"https:\/\/penntoday.upenn.edu\/news\/penn-researchers-shed-light-roundworms-curious-swimming-behavior\">link<\/a>)<\/td><\/tr><\/tbody><\/table><\/figure>\n","protected":false},"excerpt":{"rendered":"<p>My research have drawn interests from the media folks from all over the world! Physics of tossing wok Article: Oct. 28, 2020. CNN \u201cThe science behind \u2018the breath of a wok,\u2019 an essential ingredient in the perfect bowl of fried rice\u201d Maggie Hiufu Wong(link) Feb. 28, 2020. Sputnik News \u201cArroz frito: c\u00f3mo prepararlo a la &hellip; <\/p>\n<p class=\"link-more\"><a href=\"https:\/\/hu2.me.gatech.edu\/Ko\/media-coverages\/\" class=\"more-link\">Continue reading<span class=\"screen-reader-text\"> &#8220;Media Coverages&#8221;<\/span><\/a><\/p>\n","protected":false},"author":1,"featured_media":0,"parent":0,"menu_order":0,"comment_status":"closed","ping_status":"closed","template":"","meta":{"_exactmetrics_skip_tracking":false,"_exactmetrics_sitenote_active":false,"_exactmetrics_sitenote_note":"","_exactmetrics_sitenote_category":0,"footnotes":""},"class_list":["post-285","page","type-page","status-publish","hentry"],"_links":{"self":[{"href":"https:\/\/hu2.me.gatech.edu\/Ko\/wp-json\/wp\/v2\/pages\/285","targetHints":{"allow":["GET"]}}],"collection":[{"href":"https:\/\/hu2.me.gatech.edu\/Ko\/wp-json\/wp\/v2\/pages"}],"about":[{"href":"https:\/\/hu2.me.gatech.edu\/Ko\/wp-json\/wp\/v2\/types\/page"}],"author":[{"embeddable":true,"href":"https:\/\/hu2.me.gatech.edu\/Ko\/wp-json\/wp\/v2\/users\/1"}],"replies":[{"embeddable":true,"href":"https:\/\/hu2.me.gatech.edu\/Ko\/wp-json\/wp\/v2\/comments?post=285"}],"version-history":[{"count":5,"href":"https:\/\/hu2.me.gatech.edu\/Ko\/wp-json\/wp\/v2\/pages\/285\/revisions"}],"predecessor-version":[{"id":314,"href":"https:\/\/hu2.me.gatech.edu\/Ko\/wp-json\/wp\/v2\/pages\/285\/revisions\/314"}],"wp:attachment":[{"href":"https:\/\/hu2.me.gatech.edu\/Ko\/wp-json\/wp\/v2\/media?parent=285"}],"curies":[{"name":"wp","href":"https:\/\/api.w.org\/{rel}","templated":true}]}}